{"id":192,"date":"2025-08-01T23:28:09","date_gmt":"2025-08-01T21:28:09","guid":{"rendered":"https:\/\/www.saharogya.at\/home\/?post_type=product&#038;p=192"},"modified":"2026-02-26T04:34:35","modified_gmt":"2026-02-26T03:34:35","slug":"mobility-gold-120-tabletten","status":"publish","type":"product","link":"https:\/\/www.saharogya.at\/home\/produkt\/mobility-gold-120-tabletten\/","title":{"rendered":"Mobility Gold+ 120 Tabletten"},"content":{"rendered":"<p><strong>SAHAROGYA Mobility Gold+ 120 Tabletten<\/strong>\u00a0ist eine patentierte Kr\u00e4uterformel, die entwickelt wurde, um die Gelenkflexibilit\u00e4t, Knochenst\u00e4rke und die allgemeine Gesundheit des Bewegungsapparates zu unterstu\u0308tzen. Diese kraftvolle Mischung kombiniert neun bew\u00e4hrte Pflanzenextrakte, darunter Boswellia serrata, Moringa oleifera, Ashwagandha und mehr, und bietet t\u00e4gliche Unterstu\u0308tzung fu\u0308r ein aktives Leben und altersbedingte Mobilit\u00e4tsprobleme.<\/p>\n<p><a href=\"https:\/\/www.saharogya.at\/home\/wp-content\/uploads\/2025\/08\/Mobiliity-Gold.pdf\">INFORMATIONSBLATT<\/a><\/p>\n","protected":false},"excerpt":{"rendered":"<p>SAHAROGYA Mobility Gold ist eine patentierte Kr\u00e4uterformel um die allgemeine Gesundheit des Bewegungsapparates zu unterstu\u0308tzen.<\/p>\n","protected":false},"featured_media":193,"template":"","meta":{"advanced_seo_description":"","jetpack_seo_html_title":"","jetpack_seo_noindex":false,"jetpack_publicize_message":"","jetpack_publicize_feature_enabled":true,"jetpack_social_post_already_shared":false,"jetpack_social_options":{"image_generator_settings":{"template":"highway","default_image_id":0,"font":"","enabled":false},"version":2}},"product_brand":[26],"product_cat":[28],"product_tag":[],"class_list":{"0":"post-192","1":"product","2":"type-product","3":"status-publish","4":"has-post-thumbnail","6":"product_brand-saharogya","7":"product_cat-gelenksstabilitaet","9":"first","10":"instock","11":"featured","12":"taxable","13":"shipping-taxable","14":"purchasable","15":"product-type-simple"},"jetpack_publicize_connections":[],"jetpack_sharing_enabled":true,"jetpack_likes_enabled":true,"_links":{"self":[{"href":"https:\/\/www.saharogya.at\/home\/wp-json\/wp\/v2\/product\/192","targetHints":{"allow":["GET"]}}],"collection":[{"href":"https:\/\/www.saharogya.at\/home\/wp-json\/wp\/v2\/product"}],"about":[{"href":"https:\/\/www.saharogya.at\/home\/wp-json\/wp\/v2\/types\/product"}],"wp:featuredmedia":[{"embeddable":true,"href":"https:\/\/www.saharogya.at\/home\/wp-json\/wp\/v2\/media\/193"}],"wp:attachment":[{"href":"https:\/\/www.saharogya.at\/home\/wp-json\/wp\/v2\/media?parent=192"}],"wp:term":[{"taxonomy":"product_brand","embeddable":true,"href":"https:\/\/www.saharogya.at\/home\/wp-json\/wp\/v2\/product_brand?post=192"},{"taxonomy":"product_cat","embeddable":true,"href":"https:\/\/www.saharogya.at\/home\/wp-json\/wp\/v2\/product_cat?post=192"},{"taxonomy":"product_tag","embeddable":true,"href":"https:\/\/www.saharogya.at\/home\/wp-json\/wp\/v2\/product_tag?post=192"}],"curies":[{"name":"wp","href":"https:\/\/api.w.org\/{rel}","templated":true}]}}